{"id":392,"date":"2024-07-29T19:44:50","date_gmt":"2024-07-29T19:44:50","guid":{"rendered":"https:\/\/www.toniribes.com\/experience\/"},"modified":"2024-07-29T19:44:50","modified_gmt":"2024-07-29T19:44:50","slug":"experience","status":"publish","type":"page","link":"https:\/\/www.toniribes.com\/fr\/experience\/","title":{"rendered":"Exp\u00e9rience"},"content":{"rendered":"<p>[et_pb_section fb_built=\u00a0\u00bb1&Prime; specialty=\u00a0\u00bbon\u00a0\u00bb next_background_color=\u00a0\u00bb#ffffff\u00a0\u00bb _builder_version=\u00a0\u00bb4.24.2&Prime; _module_preset=\u00a0\u00bbdefault\u00a0\u00bb background_image=\u00a0\u00bbhttps:\/\/www.toniribes.com\/wp-content\/uploads\/2024\/07\/IMG20240719181937-2.jpg\u00a0\u00bb parallax=\u00a0\u00bbon\u00a0\u00bb min_height=\u00a0\u00bb1080px\u00a0\u00bb height=\u00a0\u00bb1080px\u00a0\u00bb max_height=\u00a0\u00bb1080px\u00a0\u00bb bottom_divider_style=\u00a0\u00bbslant2&Prime; animation_style=\u00a0\u00bbfade\u00a0\u00bb global_colors_info=\u00a0\u00bb{}\u00a0\u00bb][et_pb_column type=\u00a0\u00bb1_2&Prime; _builder_version=\u00a0\u00bb4.16&Prime; custom_padding=\u00a0\u00bb|||\u00a0\u00bb global_colors_info=\u00a0\u00bb{}\u00a0\u00bb custom_padding__hover=\u00a0\u00bb|||\u00a0\u00bb][\/et_pb_column][et_pb_column type=\u00a0\u00bb1_2&Prime; specialty_columns=\u00a0\u00bb2&Prime; _builder_version=\u00a0\u00bb4.16&Prime; custom_padding=\u00a0\u00bb|||\u00a0\u00bb global_colors_info=\u00a0\u00bb{}\u00a0\u00bb custom_padding__hover=\u00a0\u00bb|||\u00a0\u00bb][et_pb_row_inner _builder_version=\u00a0\u00bb4.24.2&Prime; _module_preset=\u00a0\u00bbdefault\u00a0\u00bb global_colors_info=\u00a0\u00bb{}\u00a0\u00bb][et_pb_column_inner saved_specialty_column_type=\u00a0\u00bb1_2&Prime; _builder_version=\u00a0\u00bb4.24.2&Prime; _module_preset=\u00a0\u00bbdefault\u00a0\u00bb global_colors_info=\u00a0\u00bb{}\u00a0\u00bb][et_pb_image src=\u00a0\u00bbhttps:\/\/www.toniribes.com\/wp-content\/uploads\/2024\/07\/LOGO-BLANCO-BAJA.png\u00a0\u00bb title_text=\u00a0\u00bbLOGO-BLANCO-BAJA\u00a0\u00bb _builder_version=\u00a0\u00bb4.24.2&Prime; _module_preset=\u00a0\u00bbdefault\u00a0\u00bb width=\u00a0\u00bb61%\u00a0\u00bb width_tablet=\u00a0\u00bb80%\u00a0\u00bb width_phone=\u00a0\u00bb78%\u00a0\u00bb width_last_edited=\u00a0\u00bbon|phone\u00a0\u00bb max_width=\u00a0\u00bb69%\u00a0\u00bb max_width_tablet=\u00a0\u00bb\u00a0\u00bb max_width_phone=\u00a0\u00bb94%\u00a0\u00bb max_width_last_edited=\u00a0\u00bbon|phone\u00a0\u00bb custom_margin=\u00a0\u00bb150px||||false|false\u00a0\u00bb custom_margin_tablet=\u00a0\u00bb\u00a0\u00bb custom_margin_phone=\u00a0\u00bb\u00a0\u00bb custom_margin_last_edited=\u00a0\u00bbon|phone\u00a0\u00bb hover_enabled=\u00a0\u00bb0&Prime; global_colors_info=\u00a0\u00bb{}\u00a0\u00bb theme_builder_area=\u00a0\u00bbpost_content\u00a0\u00bb sticky_enabled=\u00a0\u00bb0&Prime;][\/et_pb_image][et_pb_text _builder_version=\u00a0\u00bb4.24.2&Prime; _module_preset=\u00a0\u00bbdefault\u00a0\u00bb header_text_color=\u00a0\u00bb#FFFFFF\u00a0\u00bb header_2_font=\u00a0\u00bb|700|||||||\u00a0\u00bb header_2_text_color=\u00a0\u00bb#FFFFFF\u00a0\u00bb header_2_font_size=\u00a0\u00bb63px\u00a0\u00bb hover_enabled=\u00a0\u00bb0&Prime; header_2_font_size_tablet=\u00a0\u00bb65px\u00a0\u00bb header_2_font_size_phone=\u00a0\u00bb51px\u00a0\u00bb header_2_font_size_last_edited=\u00a0\u00bbon|phone\u00a0\u00bb header_2_text_shadow_style=\u00a0\u00bbpreset1&Prime; global_colors_info=\u00a0\u00bb{}\u00a0\u00bb theme_builder_area=\u00a0\u00bbpost_content\u00a0\u00bb header_2_text_align_last_edited=\u00a0\u00bbon|phone\u00a0\u00bb sticky_enabled=\u00a0\u00bb0&Prime; header_2_text_align_tablet=\u00a0\u00bb\u00a0\u00bb header_2_text_align_phone=\u00a0\u00bb\u00a0\u00bb]<\/p>\n<h2 style=\"text-align: center;\">Exp\u00e9rience<\/h2>\n<p>[\/et_pb_text][\/et_pb_column_inner][\/et_pb_row_inner][\/et_pb_column][\/et_pb_section][et_pb_section fb_built=\u00a0\u00bb1&Prime; _builder_version=\u00a0\u00bb4.24.2&Prime; _module_preset=\u00a0\u00bbdefault\u00a0\u00bb custom_padding=\u00a0\u00bb||54px|||\u00a0\u00bb global_colors_info=\u00a0\u00bb{}\u00a0\u00bb][et_pb_row _builder_version=\u00a0\u00bb4.24.2&Prime; _module_preset=\u00a0\u00bbdefault\u00a0\u00bb global_colors_info=\u00a0\u00bb{}\u00a0\u00bb][et_pb_column type=\u00a0\u00bb4_4&Prime; _builder_version=\u00a0\u00bb4.24.2&Prime; _module_preset=\u00a0\u00bbdefault\u00a0\u00bb global_colors_info=\u00a0\u00bb{}\u00a0\u00bb][et_pb_text _builder_version=\u00a0\u00bb4.24.2&Prime; _module_preset=\u00a0\u00bbdefault\u00a0\u00bb header_text_color=\u00a0\u00bb#386460&Prime; header_2_font=\u00a0\u00bb|700|||||||\u00a0\u00bb header_2_text_color=\u00a0\u00bb#386460&Prime; header_2_font_size=\u00a0\u00bb40px\u00a0\u00bb animation_style=\u00a0\u00bbslide\u00a0\u00bb animation_direction=\u00a0\u00bbleft\u00a0\u00bb global_colors_info=\u00a0\u00bb{}\u00a0\u00bb]<\/p>\n<h2>Qui est Toni ?<\/h2>\n<p>[\/et_pb_text][\/et_pb_column][\/et_pb_row][et_pb_row column_structure=\u00a0\u00bb1_2,1_2&Prime; _builder_version=\u00a0\u00bb4.24.2&Prime; _module_preset=\u00a0\u00bbdefault\u00a0\u00bb global_colors_info=\u00a0\u00bb{}\u00a0\u00bb][et_pb_column type=\u00a0\u00bb1_2&Prime; _builder_version=\u00a0\u00bb4.24.2&Prime; _module_preset=\u00a0\u00bbdefault\u00a0\u00bb global_colors_info=\u00a0\u00bb{}\u00a0\u00bb][et_pb_text _builder_version=\u00a0\u00bb4.24.2&Prime; _module_preset=\u00a0\u00bbdefault\u00a0\u00bb text_font_size=\u00a0\u00bb17px\u00a0\u00bb header_3_font=\u00a0\u00bb|700|||||||\u00a0\u00bb header_3_text_color=\u00a0\u00bb#72AA7F\u00a0\u00bb header_3_font_size=\u00a0\u00bb31px\u00a0\u00bb header_3_line_height=\u00a0\u00bb1.3em\u00a0\u00bb text_orientation=\u00a0\u00bbjustified\u00a0\u00bb custom_margin=\u00a0\u00bb0px||||false|false\u00a0\u00bb custom_margin_tablet=\u00a0\u00bb0px||||false|false\u00a0\u00bb custom_margin_phone=\u00a0\u00bb0px||||false|false\u00a0\u00bb custom_margin_last_edited=\u00a0\u00bbon|phone\u00a0\u00bb animation_style=\u00a0\u00bbslide\u00a0\u00bb animation_direction=\u00a0\u00bbleft\u00a0\u00bb global_colors_info=\u00a0\u00bb{}\u00a0\u00bb]<\/p>\n<div class=\"page\" title=\"Page 4\">\n<div class=\"section\">\n<div class=\"layoutArea\">\n<div class=\"column\">\n<h3><\/h3>\n<\/div>\n<div class=\"column\">\n<p><span data-contrast=\"auto\">Ma carri\u00e8re professionnelle a d\u00e9but\u00e9 il y a 40 ans dans une concession Renault o\u00f9 j\u2019ai pass\u00e9 15 ans en tant que responsable du d\u00e9partement des v\u00e9hicules d\u2019occasion. C\u2019est dans cette entreprise que j\u2019ai \u00e9t\u00e9 form\u00e9 et que j\u2019ai pris contact pour la premi\u00e8re fois avec des clients europ\u00e9ens motiv\u00e9s par la n\u00e9cessit\u00e9 de vendre les flottes sous forme de buy-back, ce qui a donn\u00e9 naissance au d\u00e9partement des v\u00e9hicules neufs, situ\u00e9 dans la province d\u2019Alicante, avec une forte pr\u00e9sence de Rent A Car. <\/span><span data-ccp-props=\"{\"201341983\":0,\"335551550\":6,\"335551620\":6,\"335559685\":792,\"335559739\":0,\"335559740\":240}\"> <\/span><\/p>\n<p><span data-ccp-props=\"{\"201341983\":0,\"335551550\":6,\"335551620\":6,\"335559685\":792,\"335559739\":0,\"335559740\":240}\"> <\/span><\/p>\n<p><span data-contrast=\"auto\">Depuis 2002, j\u2019ai lanc\u00e9 mon propre projet d\u2019entreprise avec mon fr\u00e8re, ax\u00e9 sur la vente de v\u00e9hicules \u00e0 des entreprises automobiles ayant des clients en Espagne, dans l\u2019UE et au Moyen-Orient. Au cours de ces ann\u00e9es, nous avons r\u00e9alis\u00e9 des ventes conjointes de 40\u2009000 v\u00e9hicules, et j\u2019\u00e9tais principalement responsable des achats et des relations avec les fournisseurs.<\/span><span data-ccp-props=\"{\"201341983\":0,\"335551550\":6,\"335551620\":6,\"335559685\":792,\"335559739\":0,\"335559740\":240}\"> <\/span><\/p>\n<p><span data-ccp-props=\"{\"201341983\":0,\"335551550\":6,\"335551620\":6,\"335559685\":792,\"335559739\":0,\"335559740\":240}\"> <\/span><\/p>\n<p><span data-contrast=\"auto\">Apr\u00e8s une pause de trois ans, de 2021 \u00e0 2024, je d\u00e9cide de m\u2019installer comme vendeur ind\u00e9pendant avec l\u2019intention d\u2019\u00e9tablir une relation de confiance avec les clients et de me concentrer sur l\u2019obtention des voitures et des prix dont ils ont besoin pour augmenter les ventes.<\/span><span data-ccp-props=\"{\"201341983\":0,\"335551550\":6,\"335551620\":6,\"335559685\":792,\"335559739\":0,\"335559740\":240}\"> <\/span><\/p>\n<p><span data-contrast=\"auto\">Pour cela, je dispose d\u2019un CRM bien segment\u00e9, de l\u2019exp\u00e9rience et de la confiance de mes fournisseurs, ce qui me permet d\u2019agir rapidement.<\/span><span data-ccp-props=\"{\"201341983\":0,\"335551550\":6,\"335551620\":6,\"335559685\":792,\"335559739\":0,\"335559740\":240}\"> <\/span><\/p>\n<\/div>\n<\/div>\n<\/div>\n<\/div>\n<p>[\/et_pb_text][\/et_pb_column][et_pb_column type=\u00a0\u00bb1_2&Prime; _builder_version=\u00a0\u00bb4.24.2&Prime; _module_preset=\u00a0\u00bbdefault\u00a0\u00bb global_colors_info=\u00a0\u00bb{}\u00a0\u00bb][et_pb_image src=\u00a0\u00bbhttps:\/\/www.toniribes.com\/wp-content\/uploads\/2024\/07\/IMG20240719180106.jpg\u00a0\u00bb title_text=\u00a0\u00bbIMG20240719180106&Prime; _builder_version=\u00a0\u00bb4.24.2&Prime; _module_preset=\u00a0\u00bbdefault\u00a0\u00bb animation_style=\u00a0\u00bbslide\u00a0\u00bb animation_direction=\u00a0\u00bbright\u00a0\u00bb global_colors_info=\u00a0\u00bb{}\u00a0\u00bb][\/et_pb_image][\/et_pb_column][\/et_pb_row][\/et_pb_section]<\/p>\n","protected":false},"excerpt":{"rendered":"<p>Exp\u00e9rienceQui est Toni ? Ma carri\u00e8re professionnelle a d\u00e9but\u00e9 il y a 40 ans dans une concession Renault o\u00f9 j\u2019ai pass\u00e9 15 ans en tant que responsable du d\u00e9partement des v\u00e9hicules d\u2019occasion. C\u2019est dans cette entreprise que j\u2019ai \u00e9t\u00e9 form\u00e9 et que j\u2019ai pris contact pour la premi\u00e8re fois avec des clients europ\u00e9ens motiv\u00e9s par [&hellip;]<\/p>\n","protected":false},"author":1,"featured_media":0,"parent":0,"menu_order":0,"comment_status":"closed","ping_status":"closed","template":"","meta":{"_et_pb_use_builder":"on","_et_pb_old_content":"","_et_gb_content_width":"","_joinchat":[],"footnotes":""},"class_list":["post-392","page","type-page","status-publish","hentry"],"_links":{"self":[{"href":"https:\/\/www.toniribes.com\/fr\/wp-json\/wp\/v2\/pages\/392","targetHints":{"allow":["GET"]}}],"collection":[{"href":"https:\/\/www.toniribes.com\/fr\/wp-json\/wp\/v2\/pages"}],"about":[{"href":"https:\/\/www.toniribes.com\/fr\/wp-json\/wp\/v2\/types\/page"}],"author":[{"embeddable":true,"href":"https:\/\/www.toniribes.com\/fr\/wp-json\/wp\/v2\/users\/1"}],"replies":[{"embeddable":true,"href":"https:\/\/www.toniribes.com\/fr\/wp-json\/wp\/v2\/comments?post=392"}],"version-history":[{"count":0,"href":"https:\/\/www.toniribes.com\/fr\/wp-json\/wp\/v2\/pages\/392\/revisions"}],"wp:attachment":[{"href":"https:\/\/www.toniribes.com\/fr\/wp-json\/wp\/v2\/media?parent=392"}],"curies":[{"name":"wp","href":"https:\/\/api.w.org\/{rel}","templated":true}]}}