{"id":395,"date":"2024-07-29T20:34:41","date_gmt":"2024-07-29T20:34:41","guid":{"rendered":"https:\/\/www.toniribes.com\/geschaftsmodell\/"},"modified":"2024-08-07T11:03:22","modified_gmt":"2024-08-07T11:03:22","slug":"geschaftsmodell","status":"publish","type":"page","link":"https:\/\/www.toniribes.com\/de\/geschaftsmodell\/","title":{"rendered":"Gesch\u00e4ftsmodell"},"content":{"rendered":"<p>[et_pb_section fb_built=&#8220;1&#8243; next_background_color=&#8220;#ffffff&#8220; _builder_version=&#8220;4.24.2&#8243; _module_preset=&#8220;default&#8220; background_image=&#8220;https:\/\/www.toniribes.com\/wp-content\/uploads\/2024\/07\/aerial-viedw-new-cars-parking-port-automobile-factory.jpg&#8220; min_height=&#8220;1080px&#8220; bottom_divider_style=&#8220;slant2&#8243; global_colors_info=&#8220;{}&#8220;][et_pb_row _builder_version=&#8220;4.24.2&#8243; _module_preset=&#8220;default&#8220; global_colors_info=&#8220;{}&#8220;][et_pb_column type=&#8220;4_4&#8243; _builder_version=&#8220;4.24.2&#8243; _module_preset=&#8220;default&#8220; global_colors_info=&#8220;{}&#8220;][et_pb_image src=&#8220;https:\/\/www.toniribes.com\/wp-content\/uploads\/2024\/07\/LOGO-BLANCO-BAJA.png&#8220; title_text=&#8220;LOGO-BLANCO-BAJA&#8220; align=&#8220;center&#8220; _builder_version=&#8220;4.24.2&#8243; _module_preset=&#8220;default&#8220; width=&#8220;44%&#8220; width_tablet=&#8220;80%&#8220; width_phone=&#8220;78%&#8220; width_last_edited=&#8220;on|phone&#8220; max_width=&#8220;69%&#8220; max_width_tablet=&#8220;&#8220; max_width_phone=&#8220;94%&#8220; max_width_last_edited=&#8220;on|phone&#8220; custom_margin=&#8220;150px||||false|false&#8220; custom_margin_tablet=&#8220;&#8220; custom_margin_phone=&#8220;&#8220; custom_margin_last_edited=&#8220;on|phone&#8220; global_colors_info=&#8220;{}&#8220;][\/et_pb_image][et_pb_text _builder_version=&#8220;4.24.2&#8243; _module_preset=&#8220;default&#8220; header_text_color=&#8220;#FFFFFF&#8220; header_2_font=&#8220;|700|||||||&#8220; header_2_text_color=&#8220;#FFFFFF&#8220; header_2_font_size=&#8220;63px&#8220; header_2_font_size_tablet=&#8220;&#8220; header_2_font_size_phone=&#8220;57px&#8220; header_2_font_size_last_edited=&#8220;on|phone&#8220; header_2_text_shadow_style=&#8220;preset1&#8243; global_colors_info=&#8220;{}&#8220;]<\/p>\n<h2 style=\"text-align: center;\">Gesch\u00e4ftsmodell<\/h2>\n<p>[\/et_pb_text][\/et_pb_column][\/et_pb_row][\/et_pb_section][et_pb_section fb_built=&#8220;1&#8243; _builder_version=&#8220;4.24.2&#8243; _module_preset=&#8220;default&#8220; custom_padding=&#8220;||54px|||&#8220; global_colors_info=&#8220;{}&#8220;][et_pb_row _builder_version=&#8220;4.24.2&#8243; _module_preset=&#8220;default&#8220; global_colors_info=&#8220;{}&#8220;][et_pb_column type=&#8220;4_4&#8243; _builder_version=&#8220;4.24.2&#8243; _module_preset=&#8220;default&#8220; global_colors_info=&#8220;{}&#8220;][et_pb_text _builder_version=&#8220;4.24.2&#8243; _module_preset=&#8220;default&#8220; header_text_color=&#8220;#386460&#8243; header_2_font=&#8220;|700|||||||&#8220; header_2_text_color=&#8220;#386460&#8243; header_2_font_size=&#8220;40px&#8220; animation_style=&#8220;slide&#8220; animation_direction=&#8220;left&#8220; global_colors_info=&#8220;{}&#8220;]<\/p>\n<h2>Wie es funktioniert<\/h2>\n<p>[\/et_pb_text][\/et_pb_column][\/et_pb_row][et_pb_row _builder_version=&#8220;4.24.2&#8243; _module_preset=&#8220;default&#8220; global_colors_info=&#8220;{}&#8220;][et_pb_column type=&#8220;4_4&#8243; _builder_version=&#8220;4.24.2&#8243; _module_preset=&#8220;default&#8220; global_colors_info=&#8220;{}&#8220;][dnxte_timeline dnxte_circle_width=&#8220;19&#8243; dnxte_triangle_color=&#8220;#FFFFFF&#8220; timeline_bar_color=&#8220;#386460&#8243; _builder_version=&#8220;4.24.2&#8243; _module_preset=&#8220;default&#8220; animation_style=&#8220;slide&#8220; animation_direction=&#8220;top&#8220; hover_enabled=&#8220;0&#8243; global_colors_info=&#8220;{}&#8220; sticky_enabled=&#8220;0&#8243;][dnxte_timeline_child timeline_title=&#8220;Informationen&#8220; timeline_content=&#8220;<\/p>\n<p style=%22font-weight: 400;%22><span>Meine Strategie besteht nicht darin, Ihnen Angebote von Lieferanten zu schicken, sondern alles beginnt damit, dass Sie mir sagen, welche Autos Sie brauchen.<\/span><\/p>\n<p>&#8220; timeline_use_image=&#8220;off&#8220; timeline_icon_color=&#8220;#FFFFFF&#8220; timeline_icon_size=&#8220;22px&#8220; timeline_bg_color=&#8220;#FFFFFF&#8220; icon_bg_color=&#8220;#72AA7F&#8220; _builder_version=&#8220;4.24.2&#8243; _module_preset=&#8220;default&#8220; identifier_text_color=&#8220;#FFFFFF&#8220; hover_enabled=&#8220;0&#8243; box_shadow_style_timeline=&#8220;preset2&#8243; global_colors_info=&#8220;{}&#8220; timeline_icon=&#8220;&#xf129;||fa||900&#8243; sticky_enabled=&#8220;0&#8243;][\/dnxte_timeline_child][dnxte_timeline_child timeline_title=&#8220;CRM&#8220; timeline_use_image=&#8220;off&#8220; timeline_icon_color=&#8220;#FFFFFF&#8220; timeline_icon_size=&#8220;22px&#8220; timeline_bg_color=&#8220;#FFFFFF&#8220; icon_bg_color=&#8220;#72AA7F&#8220; _builder_version=&#8220;4.24.2&#8243; _module_preset=&#8220;default&#8220; identifier_text_color=&#8220;#FFFFFF&#8220; hover_enabled=&#8220;0&#8243; box_shadow_style_timeline=&#8220;preset2&#8243; global_colors_info=&#8220;{}&#8220; timeline_content=&#8220;<\/p>\n<p style=%22font-weight: 400;%22><span>Dann konsultiere ich mein CRM und kontaktiere alle Anbieter, die dem zu findenden Fahrzeugprofil entsprechen.<\/span><\/p>\n<p>&#8220; timeline_icon=&#8220;&#xf1d8;||fa||900&#8243; sticky_enabled=&#8220;0&#8243;][\/dnxte_timeline_child][dnxte_timeline_child timeline_title=&#8220;Die besten Angebote&#8220; timeline_use_image=&#8220;off&#8220; timeline_icon_color=&#8220;#FFFFFF&#8220; timeline_icon_size=&#8220;22px&#8220; timeline_bg_color=&#8220;#FFFFFF&#8220; icon_bg_color=&#8220;#72AA7F&#8220; _builder_version=&#8220;4.24.2&#8243; _module_preset=&#8220;default&#8220; identifier_text_color=&#8220;#FFFFFF&#8220; hover_enabled=&#8220;0&#8243; box_shadow_style_timeline=&#8220;preset2&#8243; global_colors_info=&#8220;{}&#8220; timeline_content=&#8220;<\/p>\n<p style=%22font-weight: 400;%22><span>Ich pr\u00fcfe die besten Angebote, an denen Sie interessiert sein k\u00f6nnten, indem ich die Referenz-Websites in Ihrem Land konsultiere.<\/span><\/p>\n<p>&#8220; timeline_icon=&#8220;&#xf295;||fa||900&#8243; sticky_enabled=&#8220;0&#8243;][\/dnxte_timeline_child][dnxte_timeline_child timeline_title=&#8220;Das richtige Angebot&#8220; timeline_use_image=&#8220;off&#8220; timeline_icon_color=&#8220;#FFFFFF&#8220; timeline_icon_size=&#8220;22px&#8220; timeline_bg_color=&#8220;#FFFFFF&#8220; icon_bg_color=&#8220;#72AA7F&#8220; _builder_version=&#8220;4.24.2&#8243; _module_preset=&#8220;default&#8220; identifier_text_color=&#8220;#FFFFFF&#8220; hover_enabled=&#8220;0&#8243; box_shadow_style_timeline=&#8220;preset2&#8243; global_colors_info=&#8220;{}&#8220; timeline_content=&#8220;<\/p>\n<p style=%22font-weight: 400;%22><span>Wenn Sie das richtige Angebot gefunden haben, schicken Sie uns den Auftrag, den wir in Ihrem Namen mit dem Lieferanten abwickeln.<\/span><\/p>\n<p>&#8220; timeline_icon=&#8220;&#xe0dd;||divi||400&#8243; sticky_enabled=&#8220;0&#8243;][\/dnxte_timeline_child][dnxte_timeline_child timeline_title=&#8220;Kostenreduzierung&#8220; timeline_use_image=&#8220;off&#8220; timeline_icon_color=&#8220;#FFFFFF&#8220; timeline_icon_size=&#8220;22px&#8220; timeline_bg_color=&#8220;#FFFFFF&#8220; icon_bg_color=&#8220;#72AA7F&#8220; _builder_version=&#8220;4.24.2&#8243; _module_preset=&#8220;default&#8220; identifier_text_color=&#8220;#FFFFFF&#8220; hover_enabled=&#8220;0&#8243; box_shadow_style_timeline=&#8220;preset2&#8243; global_colors_info=&#8220;{}&#8220; timeline_content=&#8220;<\/p>\n<p style=%22font-weight: 400;%22><span>Die Rechnungsstellung und Zahlung erfolgt zwischen Ihnen und dem Fahrzeuglieferanten. Auf diese Weise reduzieren wir die Anschaffungskosten.<\/span><\/p>\n<p>&#8220; timeline_icon=&#8220;&#xf4d3;||fa||900&#8243; sticky_enabled=&#8220;0&#8243;][\/dnxte_timeline_child][dnxte_timeline_child timeline_title=&#8220;In k\u00fcrzester Zeit&#8220; timeline_use_image=&#8220;off&#8220; timeline_icon_color=&#8220;#FFFFFF&#8220; timeline_icon_size=&#8220;22px&#8220; timeline_bg_color=&#8220;#FFFFFF&#8220; icon_bg_color=&#8220;#72AA7F&#8220; _builder_version=&#8220;4.24.2&#8243; _module_preset=&#8220;default&#8220; identifier_text_color=&#8220;#FFFFFF&#8220; hover_enabled=&#8220;0&#8243; box_shadow_style_timeline=&#8220;preset2&#8243; global_colors_info=&#8220;{}&#8220; timeline_content=&#8220;<\/p>\n<p style=%22font-weight: 400;%22><span>Ich sorge daf\u00fcr, dass Sie die notwendigen Dokumente und Rechnungen f\u00fcr die Zulassung der Fahrzeuge in k\u00fcrzester Zeit erhalten.<\/span><\/p>\n<p>&#8220; timeline_icon=&#8220;&#x69;||divi||400&#8243; sticky_enabled=&#8220;0&#8243;][\/dnxte_timeline_child][dnxte_timeline_child timeline_title=&#8220;Logistik&#8220; timeline_use_image=&#8220;off&#8220; timeline_icon_color=&#8220;#FFFFFF&#8220; timeline_icon_size=&#8220;22px&#8220; timeline_bg_color=&#8220;#FFFFFF&#8220; icon_bg_color=&#8220;#72AA7F&#8220; _builder_version=&#8220;4.24.2&#8243; _module_preset=&#8220;default&#8220; identifier_text_color=&#8220;#FFFFFF&#8220; hover_enabled=&#8220;0&#8243; box_shadow_style_timeline=&#8220;preset2&#8243; global_colors_info=&#8220;{}&#8220; timeline_content=&#8220;<\/p>\n<p style=%22font-weight: 400;%22><span>Bei Bedarf \u00fcbernehme ich die Logistik und koordiniere die Verladung mit dem Lieferanten und den Lagerst\u00e4tten.<\/span><\/p>\n<p>&#8220; timeline_icon=&#8220;&#xf0d1;||fa||900&#8243; sticky_enabled=&#8220;0&#8243;][\/dnxte_timeline_child][dnxte_timeline_child timeline_title=&#8220;Rechnungsstellung&#8220; timeline_use_image=&#8220;off&#8220; timeline_icon_color=&#8220;#FFFFFF&#8220; timeline_icon_size=&#8220;22px&#8220; timeline_bg_color=&#8220;#FFFFFF&#8220; icon_bg_color=&#8220;#72AA7F&#8220; _builder_version=&#8220;4.24.2&#8243; _module_preset=&#8220;default&#8220; identifier_text_color=&#8220;#FFFFFF&#8220; hover_enabled=&#8220;0&#8243; box_shadow_style_timeline=&#8220;preset2&#8243; global_colors_info=&#8220;{}&#8220; timeline_content=&#8220;<\/p>\n<p style=%22font-weight: 400;%22><span>Anschlie\u00dfend stelle ich Ihnen meine Leistungen zu dem vereinbarten Betrag in Rechnung.<\/span><\/p>\n<p>&#8220; timeline_icon=&#8220;&#xf543;||fa||900&#8243; sticky_enabled=&#8220;0&#8243;][\/dnxte_timeline_child][\/dnxte_timeline][\/et_pb_column][\/et_pb_row][\/et_pb_section]<\/p>\n","protected":false},"excerpt":{"rendered":"<p>Gesch\u00e4ftsmodellWie es funktioniert<div class=\"et_pb_module dnxte_timeline dnxte_timeline_0 et_animated\">\n\t\t\t\t\n\t\t\t\t\n\t\t\t\t\n\t\t\t\t\n\t\t\t\t\n\t\t\t\t\n\t\t\t\t<div class=\"et_pb_module_inner\">\n\t\t\t\t\t<section id=\"dnxte-timline\"><\/section>\n\t\t\t\t<\/div>\n\t\t\t<\/div><div class=\"et_pb_module dnxte_timeline_child dnxte_timeline_child_0\">\n\t\t\t\t\n\t\t\t\t\n\t\t\t\t\n\t\t\t\t\n\t\t\t\t\n\t\t\t\t\n\t\t\t\t<div class=\"et_pb_module_inner\">\n\t\t\t\t\t\r\n            <div  class=\"dnxte-timline-block \">\r\n                <div class=\"dnxte-timline-img dnxte-timeline-pic\">\r\n                    \r\n                    <span class=\"dnxte-timline-icon\">\uf129<\/span>\r\n                <\/div>\r\n                <div class=\"dnxte-timline-content\">\r\n                    \r\n                    <h2 class=\"dnxte-timline-heading\">Informationen<\/h2>\r\n                    <div class=\"dnxte-timline-pra\">Meine Strategie besteht nicht darin, Ihnen Angebote von Lieferanten zu schicken, sondern alles beginnt damit, dass Sie mir sagen, welche Autos Sie brauchen.<\/div>\r\n                    <div class=\"dnxte-timline-btn-container \">\r\n                        \r\n                    <\/div>\r\n                    \r\n                <\/div>\r\n            <\/div>\n\t\t\t\t<\/div>\n\t\t\t<\/div><div class=\"et_pb_module dnxte_timeline_child dnxte_timeline_child_1\">\n\t\t\t\t\n\t\t\t\t\n\t\t\t\t\n\t\t\t\t\n\t\t\t\t\n\t\t\t\t\n\t\t\t\t<div class=\"et_pb_module_inner\">\n\t\t\t\t\t\r\n            <div  class=\"dnxte-timline-block \">\r\n                <div class=\"dnxte-timline-img dnxte-timeline-pic\">\r\n                    \r\n                    <span class=\"dnxte-timline-icon\">N<\/span>\r\n                <\/div>\r\n                <div class=\"dnxte-timline-content\">\r\n                    \r\n                    <h2 class=\"dnxte-timline-heading\">&#8220;CRM&#8220;<\/h2>\r\n                    \r\n                    <div class=\"dnxte-timline-btn-container \">\r\n                        \r\n                    <\/div>\r\n                    \r\n                <\/div>\r\n            <\/div>\n\t\t\t\t<\/div>\n\t\t\t<\/div><\/p>\n","protected":false},"author":1,"featured_media":0,"parent":0,"menu_order":0,"comment_status":"closed","ping_status":"closed","template":"","meta":{"_et_pb_use_builder":"on","_et_pb_old_content":"","_et_gb_content_width":"","_joinchat":[],"footnotes":""},"class_list":["post-395","page","type-page","status-publish","hentry"],"_links":{"self":[{"href":"https:\/\/www.toniribes.com\/de\/wp-json\/wp\/v2\/pages\/395","targetHints":{"allow":["GET"]}}],"collection":[{"href":"https:\/\/www.toniribes.com\/de\/wp-json\/wp\/v2\/pages"}],"about":[{"href":"https:\/\/www.toniribes.com\/de\/wp-json\/wp\/v2\/types\/page"}],"author":[{"embeddable":true,"href":"https:\/\/www.toniribes.com\/de\/wp-json\/wp\/v2\/users\/1"}],"replies":[{"embeddable":true,"href":"https:\/\/www.toniribes.com\/de\/wp-json\/wp\/v2\/comments?post=395"}],"version-history":[{"count":2,"href":"https:\/\/www.toniribes.com\/de\/wp-json\/wp\/v2\/pages\/395\/revisions"}],"predecessor-version":[{"id":398,"href":"https:\/\/www.toniribes.com\/de\/wp-json\/wp\/v2\/pages\/395\/revisions\/398"}],"wp:attachment":[{"href":"https:\/\/www.toniribes.com\/de\/wp-json\/wp\/v2\/media?parent=395"}],"curies":[{"name":"wp","href":"https:\/\/api.w.org\/{rel}","templated":true}]}}