{"id":391,"date":"2024-07-29T19:44:50","date_gmt":"2024-07-29T19:44:50","guid":{"rendered":"https:\/\/www.toniribes.com\/experience\/"},"modified":"2024-08-07T10:16:11","modified_gmt":"2024-08-07T10:16:11","slug":"experience","status":"publish","type":"page","link":"https:\/\/www.toniribes.com\/de\/experience\/","title":{"rendered":"Erfahrung"},"content":{"rendered":"<p>[et_pb_section fb_built=&#8220;1&#8243; specialty=&#8220;on&#8220; next_background_color=&#8220;#ffffff&#8220; _builder_version=&#8220;4.24.2&#8243; _module_preset=&#8220;default&#8220; background_image=&#8220;https:\/\/www.toniribes.com\/wp-content\/uploads\/2024\/07\/IMG20240719181937-2.jpg&#8220; parallax=&#8220;on&#8220; min_height=&#8220;1080px&#8220; height=&#8220;1080px&#8220; max_height=&#8220;1080px&#8220; bottom_divider_style=&#8220;slant2&#8243; animation_style=&#8220;fade&#8220; global_colors_info=&#8220;{}&#8220;][et_pb_column type=&#8220;1_2&#8243; _builder_version=&#8220;4.16&#8243; custom_padding=&#8220;|||&#8220; global_colors_info=&#8220;{}&#8220; custom_padding__hover=&#8220;|||&#8220;][\/et_pb_column][et_pb_column type=&#8220;1_2&#8243; specialty_columns=&#8220;2&#8243; _builder_version=&#8220;4.16&#8243; custom_padding=&#8220;|||&#8220; global_colors_info=&#8220;{}&#8220; custom_padding__hover=&#8220;|||&#8220;][et_pb_row_inner _builder_version=&#8220;4.24.2&#8243; _module_preset=&#8220;default&#8220; global_colors_info=&#8220;{}&#8220;][et_pb_column_inner saved_specialty_column_type=&#8220;1_2&#8243; _builder_version=&#8220;4.24.2&#8243; _module_preset=&#8220;default&#8220; global_colors_info=&#8220;{}&#8220;][et_pb_image src=&#8220;https:\/\/www.toniribes.com\/wp-content\/uploads\/2024\/07\/LOGO-BLANCO-BAJA.png&#8220; title_text=&#8220;LOGO-BLANCO-BAJA&#8220; _builder_version=&#8220;4.24.2&#8243; _module_preset=&#8220;default&#8220; width=&#8220;61%&#8220; width_tablet=&#8220;80%&#8220; width_phone=&#8220;78%&#8220; width_last_edited=&#8220;on|phone&#8220; max_width=&#8220;69%&#8220; max_width_tablet=&#8220;&#8220; max_width_phone=&#8220;94%&#8220; max_width_last_edited=&#8220;on|phone&#8220; custom_margin=&#8220;150px||||false|false&#8220; custom_margin_tablet=&#8220;&#8220; custom_margin_phone=&#8220;&#8220; custom_margin_last_edited=&#8220;on|phone&#8220; hover_enabled=&#8220;0&#8243; global_colors_info=&#8220;{}&#8220; theme_builder_area=&#8220;post_content&#8220; sticky_enabled=&#8220;0&#8243;][\/et_pb_image][et_pb_text _builder_version=&#8220;4.24.2&#8243; _module_preset=&#8220;default&#8220; header_text_color=&#8220;#FFFFFF&#8220; header_2_font=&#8220;|700|||||||&#8220; header_2_text_color=&#8220;#FFFFFF&#8220; header_2_font_size=&#8220;63px&#8220; hover_enabled=&#8220;0&#8243; header_2_font_size_tablet=&#8220;65px&#8220; header_2_font_size_phone=&#8220;51px&#8220; header_2_font_size_last_edited=&#8220;on|phone&#8220; header_2_text_shadow_style=&#8220;preset1&#8243; global_colors_info=&#8220;{}&#8220; theme_builder_area=&#8220;post_content&#8220; header_2_text_align_last_edited=&#8220;on|phone&#8220; sticky_enabled=&#8220;0&#8243; header_2_text_align_tablet=&#8220;&#8220; header_2_text_align_phone=&#8220;&#8220;]<\/p>\n<h2 style=\"text-align: center;\">Erfahrung<\/h2>\n<p>[\/et_pb_text][\/et_pb_column_inner][\/et_pb_row_inner][\/et_pb_column][\/et_pb_section][et_pb_section fb_built=&#8220;1&#8243; _builder_version=&#8220;4.24.2&#8243; _module_preset=&#8220;default&#8220; custom_padding=&#8220;||54px|||&#8220; global_colors_info=&#8220;{}&#8220;][et_pb_row _builder_version=&#8220;4.24.2&#8243; _module_preset=&#8220;default&#8220; global_colors_info=&#8220;{}&#8220;][et_pb_column type=&#8220;4_4&#8243; _builder_version=&#8220;4.24.2&#8243; _module_preset=&#8220;default&#8220; global_colors_info=&#8220;{}&#8220;][et_pb_text _builder_version=&#8220;4.24.2&#8243; _module_preset=&#8220;default&#8220; header_text_color=&#8220;#386460&#8243; header_2_font=&#8220;|700|||||||&#8220; header_2_text_color=&#8220;#386460&#8243; header_2_font_size=&#8220;40px&#8220; animation_style=&#8220;slide&#8220; animation_direction=&#8220;left&#8220; global_colors_info=&#8220;{}&#8220;]<\/p>\n<h2>Wer ist Toni?<\/h2>\n<p>[\/et_pb_text][\/et_pb_column][\/et_pb_row][et_pb_row column_structure=&#8220;1_2,1_2&#8243; _builder_version=&#8220;4.24.2&#8243; _module_preset=&#8220;default&#8220; global_colors_info=&#8220;{}&#8220;][et_pb_column type=&#8220;1_2&#8243; _builder_version=&#8220;4.24.2&#8243; _module_preset=&#8220;default&#8220; global_colors_info=&#8220;{}&#8220;][et_pb_text _builder_version=&#8220;4.24.2&#8243; _module_preset=&#8220;default&#8220; text_font_size=&#8220;17px&#8220; header_3_font=&#8220;|700|||||||&#8220; header_3_text_color=&#8220;#72AA7F&#8220; header_3_font_size=&#8220;31px&#8220; header_3_line_height=&#8220;1.3em&#8220; text_orientation=&#8220;justified&#8220; custom_margin=&#8220;0px||||false|false&#8220; custom_margin_tablet=&#8220;0px||||false|false&#8220; custom_margin_phone=&#8220;0px||||false|false&#8220; custom_margin_last_edited=&#8220;on|phone&#8220; animation_style=&#8220;slide&#8220; animation_direction=&#8220;left&#8220; global_colors_info=&#8220;{}&#8220;]<\/p>\n<div class=\"page\" title=\"Seite 4\">\n<div class=\"section\">\n<div class=\"layoutArea\">\n<div class=\"column\">\n<h3><\/h3>\n<\/div>\n<div class=\"column\">\n<p><span data-contrast=\"auto\">Ich begann meine berufliche Laufbahn vor 40 Jahren in einem Renault-H\u00e4ndler, wo ich 15 Jahre lang als Leiter der Gebrauchtwagenabteilung t\u00e4tig war. In diesem Unternehmen machte ich meine Ausbildung und kam zum ersten Mal mit Kunden aus der EU in Kontakt. Motiviert durch die Notwendigkeit, eine Absatzm\u00f6glichkeit f\u00fcr die Flotten in Form von R\u00fcckk\u00e4ufen zu schaffen, wurde die Abteilung f\u00fcr Neufahrzeuge in der Provinz Alicante mit einer starken Pr\u00e4senz von Rent A Car eingerichtet. <\/span><span data-ccp-props=\"{\"201341983\":0,\"335551550\":6,\"335551620\":6,\"335559685\":792,\"335559739\":0,\"335559740\":240}\"> <\/span><\/p>\n<p><span data-ccp-props=\"{\"201341983\":0,\"335551550\":6,\"335551620\":6,\"335559685\":792,\"335559739\":0,\"335559740\":240}\"> <\/span><\/p>\n<p><span data-contrast=\"auto\">Im Jahr 2002 begann ich mit meinem Bruder ein eigenes Unternehmensprojekt, das sich auf den Verkauf von Fahrzeugen an Automobilunternehmen mit Kunden in Spanien, der EU und dem Nahen Osten konzentrierte. In diesen Jahren erzielten wir gemeinsam einen Umsatz von 40.000 Fahrzeugen, wobei ich haupts\u00e4chlich f\u00fcr den Einkauf und die Beziehungen zu den Lieferanten verantwortlich war.<\/span><span data-ccp-props=\"{\"201341983\":0,\"335551550\":6,\"335551620\":6,\"335559685\":792,\"335559739\":0,\"335559740\":240}\"> <\/span><\/p>\n<p><span data-ccp-props=\"{\"201341983\":0,\"335551550\":6,\"335551620\":6,\"335559685\":792,\"335559739\":0,\"335559740\":240}\"> <\/span><\/p>\n<p><span data-contrast=\"auto\">Nach einer dreij\u00e4hrigen Pause von 2021 bis 2024 beschloss ich, mich als selbst\u00e4ndiger Verk\u00e4ufer zu etablieren, mit der Absicht, eine vertrauensvolle Beziehung zu den Kunden aufzubauen und mich darauf zu konzentrieren, die Fahrzeuge und Preise zu bekommen, die sie zur Umsatzsteigerung ben\u00f6tigen.<\/span><span data-ccp-props=\"{\"201341983\":0,\"335551550\":6,\"335551620\":6,\"335559685\":792,\"335559739\":0,\"335559740\":240}\"> <\/span><\/p>\n<p><span data-contrast=\"auto\">Dazu verf\u00fcge ich \u00fcber ein gut segmentiertes CRM, die Erfahrung und das Vertrauen meiner Lieferanten, die mich dazu bringen, schnell zu handeln.<\/span><span data-ccp-props=\"{\"201341983\":0,\"335551550\":6,\"335551620\":6,\"335559685\":792,\"335559739\":0,\"335559740\":240}\"> <\/span><\/p>\n<\/div>\n<\/div>\n<\/div>\n<\/div>\n<p>[\/et_pb_text][\/et_pb_column][et_pb_column type=&#8220;1_2&#8243; _builder_version=&#8220;4.24.2&#8243; _module_preset=&#8220;default&#8220; global_colors_info=&#8220;{}&#8220;][et_pb_image src=&#8220;https:\/\/www.toniribes.com\/wp-content\/uploads\/2024\/07\/IMG20240719180106.jpg&#8220; title_text=&#8220;IMG20240719180106&#8243; _builder_version=&#8220;4.24.2&#8243; _module_preset=&#8220;default&#8220; animation_style=&#8220;slide&#8220; animation_direction=&#8220;right&#8220; global_colors_info=&#8220;{}&#8220;][\/et_pb_image][\/et_pb_column][\/et_pb_row][\/et_pb_section]<\/p>\n","protected":false},"excerpt":{"rendered":"<p>ErfahrungWer ist Toni? Ich begann meine berufliche Laufbahn vor 40 Jahren in einem Renault-H\u00e4ndler, wo ich 15 Jahre lang als Leiter der Gebrauchtwagenabteilung t\u00e4tig war. In diesem Unternehmen machte ich meine Ausbildung und kam zum ersten Mal mit Kunden aus der EU in Kontakt. Motiviert durch die Notwendigkeit, eine Absatzm\u00f6glichkeit f\u00fcr die Flotten in Form [&hellip;]<\/p>\n","protected":false},"author":1,"featured_media":0,"parent":0,"menu_order":0,"comment_status":"closed","ping_status":"closed","template":"","meta":{"_et_pb_use_builder":"on","_et_pb_old_content":"","_et_gb_content_width":"","_joinchat":[],"footnotes":""},"class_list":["post-391","page","type-page","status-publish","hentry"],"_links":{"self":[{"href":"https:\/\/www.toniribes.com\/de\/wp-json\/wp\/v2\/pages\/391","targetHints":{"allow":["GET"]}}],"collection":[{"href":"https:\/\/www.toniribes.com\/de\/wp-json\/wp\/v2\/pages"}],"about":[{"href":"https:\/\/www.toniribes.com\/de\/wp-json\/wp\/v2\/types\/page"}],"author":[{"embeddable":true,"href":"https:\/\/www.toniribes.com\/de\/wp-json\/wp\/v2\/users\/1"}],"replies":[{"embeddable":true,"href":"https:\/\/www.toniribes.com\/de\/wp-json\/wp\/v2\/comments?post=391"}],"version-history":[{"count":1,"href":"https:\/\/www.toniribes.com\/de\/wp-json\/wp\/v2\/pages\/391\/revisions"}],"predecessor-version":[{"id":394,"href":"https:\/\/www.toniribes.com\/de\/wp-json\/wp\/v2\/pages\/391\/revisions\/394"}],"wp:attachment":[{"href":"https:\/\/www.toniribes.com\/de\/wp-json\/wp\/v2\/media?parent=391"}],"curies":[{"name":"wp","href":"https:\/\/api.w.org\/{rel}","templated":true}]}}