{"id":386,"date":"2024-07-28T11:14:16","date_gmt":"2024-07-28T11:14:16","guid":{"rendered":"https:\/\/www.toniribes.com\/startseite\/"},"modified":"2024-07-28T11:14:16","modified_gmt":"2024-07-28T11:14:16","slug":"startseite","status":"publish","type":"page","link":"https:\/\/www.toniribes.com\/de\/","title":{"rendered":"Startseite"},"content":{"rendered":"<p>[et_pb_section fb_built=&#8220;1&#8243; next_background_color=&#8220;#ffffff&#8220; _builder_version=&#8220;4.24.2&#8243; _module_preset=&#8220;default&#8220; background_image=&#8220;https:\/\/www.toniribes.com\/wp-content\/uploads\/2024\/07\/parked-cars-aerial-views-transport-concept.jpg&#8220; min_height=&#8220;1080px&#8220; bottom_divider_style=&#8220;slant2&#8243; hover_enabled=&#8220;0&#8243; global_colors_info=&#8220;{}&#8220; theme_builder_area=&#8220;post_content&#8220; title_text=&#8220;parked-cars-aerial-views-transport-concept&#8220; parallax=&#8220;on&#8220; sticky_enabled=&#8220;0&#8243;][et_pb_row _builder_version=&#8220;4.24.2&#8243; _module_preset=&#8220;default&#8220; global_colors_info=&#8220;{}&#8220; theme_builder_area=&#8220;post_content&#8220;][et_pb_column type=&#8220;4_4&#8243; _builder_version=&#8220;4.24.2&#8243; _module_preset=&#8220;default&#8220; global_colors_info=&#8220;{}&#8220; theme_builder_area=&#8220;post_content&#8220;][et_pb_image src=&#8220;https:\/\/www.toniribes.com\/wp-content\/uploads\/2024\/07\/LOGO-BLANCO-BAJA.png&#8220; title_text=&#8220;LOGO-BLANCO-BAJA&#8220; align=&#8220;center&#8220; _builder_version=&#8220;4.24.2&#8243; _module_preset=&#8220;default&#8220; width=&#8220;44%&#8220; width_tablet=&#8220;80%&#8220; width_phone=&#8220;78%&#8220; width_last_edited=&#8220;on|phone&#8220; max_width=&#8220;69%&#8220; max_width_tablet=&#8220;&#8220; max_width_phone=&#8220;94%&#8220; max_width_last_edited=&#8220;on|phone&#8220; custom_margin=&#8220;150px||||false|false&#8220; custom_margin_tablet=&#8220;&#8220; custom_margin_phone=&#8220;&#8220; custom_margin_last_edited=&#8220;on|phone&#8220; global_colors_info=&#8220;{}&#8220; theme_builder_area=&#8220;post_content&#8220;][\/et_pb_image][\/et_pb_column][\/et_pb_row][\/et_pb_section][et_pb_section fb_built=&#8220;1&#8243; _builder_version=&#8220;4.24.2&#8243; _module_preset=&#8220;default&#8220; custom_padding=&#8220;||54px|||&#8220; global_colors_info=&#8220;{}&#8220;][et_pb_row _builder_version=&#8220;4.24.2&#8243; _module_preset=&#8220;default&#8220; global_colors_info=&#8220;{}&#8220;][et_pb_column type=&#8220;4_4&#8243; _builder_version=&#8220;4.24.2&#8243; _module_preset=&#8220;default&#8220; global_colors_info=&#8220;{}&#8220;][et_pb_text _builder_version=&#8220;4.24.2&#8243; _module_preset=&#8220;default&#8220; header_text_color=&#8220;#386460&#8243; header_2_font=&#8220;|700|||||||&#8220; header_2_text_color=&#8220;#386460&#8243; header_2_font_size=&#8220;40px&#8220; animation_style=&#8220;slide&#8220; animation_direction=&#8220;left&#8220; global_colors_info=&#8220;{}&#8220;]<\/p>\n<h2>Wer ist Toni?<\/h2>\n<p>[\/et_pb_text][\/et_pb_column][\/et_pb_row][et_pb_row column_structure=&#8220;1_2,1_2&#8243; _builder_version=&#8220;4.24.2&#8243; _module_preset=&#8220;default&#8220; global_colors_info=&#8220;{}&#8220;][et_pb_column type=&#8220;1_2&#8243; _builder_version=&#8220;4.24.2&#8243; _module_preset=&#8220;default&#8220; global_colors_info=&#8220;{}&#8220;][et_pb_text _builder_version=&#8220;4.24.2&#8243; _module_preset=&#8220;default&#8220; text_font_size=&#8220;17px&#8220; header_3_font=&#8220;|700|||||||&#8220; header_3_text_color=&#8220;#72AA7F&#8220; header_3_font_size=&#8220;31px&#8220; header_3_line_height=&#8220;1.3em&#8220; text_orientation=&#8220;justified&#8220; custom_margin=&#8220;150px||||false|false&#8220; custom_margin_tablet=&#8220;0px||||false|false&#8220; custom_margin_phone=&#8220;0px||||false|false&#8220; custom_margin_last_edited=&#8220;on|phone&#8220; animation_style=&#8220;slide&#8220; animation_direction=&#8220;left&#8220; global_colors_info=&#8220;{}&#8220;]<\/p>\n<div class=\"page\" title=\"Seite 4\">\n<div class=\"section\">\n<div class=\"layoutArea\">\n<div class=\"column\">\n<h3><span>40 JAHRE<\/span><\/h3>\n<\/div>\n<div class=\"column\">\n<p style=\"font-weight: 400;\">Mit 40 Jahren Erfahrung im B2B-Autoverkauf kenne ich die wichtigsten Anbieter von Neu- und Gebrauchtwagen in Spanien und Europa, um die Autos zu finden, die Sie brauchen.<\/p>\n<p style=\"font-weight: 400;\">Ich arbeite mit Renta a Car, H\u00e4ndlern und direkt mit der Marke.<\/p>\n<p style=\"font-weight: 400;\">In dieser Zeit habe ich gelernt, wann der beste Zeitpunkt ist, um die besten Preise und Erfahrungen zu bekommen.<\/p>\n<\/div>\n<\/div>\n<\/div>\n<\/div>\n<p>[\/et_pb_text][\/et_pb_column][et_pb_column type=&#8220;1_2&#8243; _builder_version=&#8220;4.24.2&#8243; _module_preset=&#8220;default&#8220; global_colors_info=&#8220;{}&#8220;][et_pb_image src=&#8220;https:\/\/www.toniribes.com\/wp-content\/uploads\/2024\/07\/IMG20240719175702.jpg&#8220; title_text=&#8220;IMG20240719175702&#8243; _builder_version=&#8220;4.24.2&#8243; _module_preset=&#8220;default&#8220; animation_style=&#8220;bounce&#8220; global_colors_info=&#8220;{}&#8220;][\/et_pb_image][\/et_pb_column][\/et_pb_row][\/et_pb_section][et_pb_section fb_built=&#8220;1&#8243; next_background_color=&#8220;#ffffff&#8220; _builder_version=&#8220;4.24.2&#8243; _module_preset=&#8220;default&#8220; background_color=&#8220;#FFFFFF&#8220; bottom_divider_style=&#8220;arrow2&#8243; bottom_divider_height=&#8220;175px&#8220; global_colors_info=&#8220;{}&#8220;][et_pb_row column_structure=&#8220;1_2,1_2&#8243; use_custom_gutter=&#8220;on&#8220; _builder_version=&#8220;4.24.2&#8243; _module_preset=&#8220;default&#8220; background_color=&#8220;#000000&#8243; width=&#8220;100%&#8220; max_width=&#8220;100%&#8220; custom_margin=&#8220;0px||0px||false|false&#8220; global_colors_info=&#8220;{}&#8220;][et_pb_column type=&#8220;1_2&#8243; _builder_version=&#8220;4.24.2&#8243; _module_preset=&#8220;default&#8220; global_colors_info=&#8220;{}&#8220;][et_pb_image src=&#8220;https:\/\/www.toniribes.com\/wp-content\/uploads\/2024\/07\/chico.jpg&#8220; title_text=&#8220;chico&#8220; _builder_version=&#8220;4.24.2&#8243; _module_preset=&#8220;default&#8220; min_height=&#8220;700px&#8220; height=&#8220;100%&#8220; max_height=&#8220;1000px&#8220; custom_margin=&#8220;-25px||-27px||false|false&#8220; custom_margin_tablet=&#8220;-25px||-27px||false|false&#8220; custom_margin_phone=&#8220;-25px||-27px||false|false&#8220; custom_margin_last_edited=&#8220;on|phone&#8220; animation_style=&#8220;fade&#8220; global_colors_info=&#8220;{}&#8220;][\/et_pb_image][\/et_pb_column][et_pb_column type=&#8220;1_2&#8243; _builder_version=&#8220;4.24.2&#8243; _module_preset=&#8220;default&#8220; background_color=&#8220;#000000&#8243; global_colors_info=&#8220;{}&#8220;][et_pb_text _builder_version=&#8220;4.24.2&#8243; _module_preset=&#8220;default&#8220; header_text_color=&#8220;#FFFFFF&#8220; header_2_font=&#8220;|700|||||||&#8220; header_2_text_color=&#8220;#FFFFFF&#8220; header_2_font_size=&#8220;40px&#8220; custom_margin=&#8220;200px|200px||200px|false|false&#8220; custom_margin_tablet=&#8220;50px||||false|false&#8220; custom_margin_phone=&#8220;|10px||10px|false|false&#8220; custom_margin_last_edited=&#8220;on|desktop&#8220; animation_style=&#8220;slide&#8220; animation_direction=&#8220;left&#8220; global_colors_info=&#8220;{}&#8220;]<\/p>\n<h2 style=\"text-align: center;\">FACILITY<\/h2>\n<p>[\/et_pb_text][et_pb_text _builder_version=&#8220;4.24.2&#8243; _module_preset=&#8220;default&#8220; header_text_color=&#8220;#FFFFFF&#8220; header_2_font=&#8220;||||||||&#8220; header_2_text_color=&#8220;#FFFFFF&#8220; header_2_font_size=&#8220;30px&#8220; custom_margin=&#8220;0px|200px||200px|false|false&#8220; custom_margin_tablet=&#8220;0px|100px||100px|false|false&#8220; custom_margin_phone=&#8220;|10px||10px|false|false&#8220; custom_margin_last_edited=&#8220;on|phone&#8220; animation_style=&#8220;slide&#8220; animation_direction=&#8220;left&#8220; global_colors_info=&#8220;{}&#8220;]<\/p>\n<h2 style=\"font-weight: 400;\">Ich werde Ihnen die Bewertungen des Lieferanten zukommen lassen und, falls erforderlich, werde ich sie zu den in Ihrem Land geltenden Lohns\u00e4tzen durchf\u00fchren lassen.<\/h2>\n<p>[\/et_pb_text][\/et_pb_column][\/et_pb_row][\/et_pb_section][et_pb_section fb_built=&#8220;1&#8243; _builder_version=&#8220;4.24.2&#8243; _module_preset=&#8220;default&#8220; custom_padding=&#8220;||54px|||&#8220; global_colors_info=&#8220;{}&#8220;][et_pb_row column_structure=&#8220;2_5,3_5&#8243; _builder_version=&#8220;4.24.2&#8243; _module_preset=&#8220;default&#8220; global_colors_info=&#8220;{}&#8220;][et_pb_column type=&#8220;2_5&#8243; _builder_version=&#8220;4.24.2&#8243; _module_preset=&#8220;default&#8220; global_colors_info=&#8220;{}&#8220;][et_pb_text _builder_version=&#8220;4.24.2&#8243; _module_preset=&#8220;default&#8220; header_text_color=&#8220;#72AA7F&#8220; header_2_font=&#8220;|700|||||||&#8220; header_2_text_color=&#8220;#386460&#8243; header_2_font_size=&#8220;40px&#8220; animation_style=&#8220;slide&#8220; animation_direction=&#8220;left&#8220; global_colors_info=&#8220;{}&#8220;]<\/p>\n<h2>MANAGEMENT<\/h2>\n<p>[\/et_pb_text][et_pb_text _builder_version=&#8220;4.24.2&#8243; _module_preset=&#8220;default&#8220; text_font_size=&#8220;17px&#8220; header_3_font=&#8220;|600|||||||&#8220; header_3_text_color=&#8220;#7B68ED&#8220; header_3_font_size=&#8220;23px&#8220; header_3_line_height=&#8220;1.3em&#8220; text_orientation=&#8220;justified&#8220; animation_style=&#8220;slide&#8220; animation_direction=&#8220;left&#8220; global_colors_info=&#8220;{}&#8220;]<\/p>\n<div class=\"page\" title=\"Seite 4\">\n<div class=\"section\">\n<div class=\"layoutArea\">\n<div class=\"column\">\n<p style=\"font-weight: 400;\">Ich biete Ihnen den Service der Verwaltung von Verfahren und Dokumenten mit Lieferanten, deren Arbeitsabl\u00e4ufe ich genau kenne.<\/p>\n<\/div>\n<\/div>\n<\/div>\n<\/div>\n<p>[\/et_pb_text][\/et_pb_column][et_pb_column type=&#8220;3_5&#8243; _builder_version=&#8220;4.24.2&#8243; _module_preset=&#8220;default&#8220; global_colors_info=&#8220;{}&#8220;][et_pb_image src=&#8220;https:\/\/www.toniribes.com\/wp-content\/uploads\/2024\/07\/Captura-de-Pantalla-2024-07-28-a-las-13.31.51.jpg&#8220; title_text=&#8220;Captura-de-Pantalla-2024-07-28-a-la(s)-13.31.51&#8243; _builder_version=&#8220;4.24.2&#8243; _module_preset=&#8220;default&#8220; animation_style=&#8220;slide&#8220; box_shadow_style=&#8220;preset2&#8243; global_colors_info=&#8220;{}&#8220;][\/et_pb_image][\/et_pb_column][\/et_pb_row][\/et_pb_section][et_pb_section fb_built=&#8220;1&#8243; _builder_version=&#8220;4.24.2&#8243; _module_preset=&#8220;default&#8220; background_color=&#8220;#FFFFFF&#8220; global_colors_info=&#8220;{}&#8220;][et_pb_row column_structure=&#8220;1_2,1_2&#8243; use_custom_gutter=&#8220;on&#8220; _builder_version=&#8220;4.24.2&#8243; _module_preset=&#8220;default&#8220; background_color=&#8220;#5b5b5b&#8220; width=&#8220;100%&#8220; max_width=&#8220;100%&#8220; custom_margin=&#8220;0px||0px||false|false&#8220; global_colors_info=&#8220;{}&#8220;][et_pb_column type=&#8220;1_2&#8243; _builder_version=&#8220;4.24.2&#8243; _module_preset=&#8220;default&#8220; global_colors_info=&#8220;{}&#8220;][et_pb_image src=&#8220;https:\/\/www.toniribes.com\/wp-content\/uploads\/2024\/07\/coches.jpg&#8220; title_text=&#8220;coches&#8220; _builder_version=&#8220;4.24.2&#8243; _module_preset=&#8220;default&#8220; width=&#8220;100%&#8220; max_width=&#8220;1080px&#8220; min_height=&#8220;700px&#8220; height=&#8220;100%&#8220; max_height=&#8220;1000px&#8220; custom_margin=&#8220;-25px||-27px||false|false&#8220; custom_margin_tablet=&#8220;-25px||-27px||false|false&#8220; custom_margin_phone=&#8220;-25px||-27px||false|false&#8220; custom_margin_last_edited=&#8220;on|phone&#8220; animation_style=&#8220;fade&#8220; global_colors_info=&#8220;{}&#8220;][\/et_pb_image][\/et_pb_column][et_pb_column type=&#8220;1_2&#8243; _builder_version=&#8220;4.24.2&#8243; _module_preset=&#8220;default&#8220; background_color=&#8220;#5b5b5b&#8220; global_colors_info=&#8220;{}&#8220;][et_pb_text _builder_version=&#8220;4.24.2&#8243; _module_preset=&#8220;default&#8220; header_text_color=&#8220;#FFFFFF&#8220; header_2_font=&#8220;|700|||||||&#8220; header_2_text_color=&#8220;#FFFFFF&#8220; header_2_font_size=&#8220;40px&#8220; custom_margin=&#8220;200px|200px||200px|false|false&#8220; custom_margin_tablet=&#8220;50px||||false|false&#8220; custom_margin_phone=&#8220;|10px||10px|false|false&#8220; custom_margin_last_edited=&#8220;on|desktop&#8220; animation_style=&#8220;slide&#8220; animation_direction=&#8220;left&#8220; global_colors_info=&#8220;{}&#8220;]<\/p>\n<h2 style=\"text-align: center;\">LOGISTIK<\/h2>\n<p>[\/et_pb_text][et_pb_text _builder_version=&#8220;4.24.2&#8243; _module_preset=&#8220;default&#8220; header_text_color=&#8220;#FFFFFF&#8220; header_2_font=&#8220;||||||||&#8220; header_2_text_color=&#8220;#FFFFFF&#8220; header_2_font_size=&#8220;30px&#8220; custom_margin=&#8220;0px|200px||200px|false|false&#8220; custom_margin_tablet=&#8220;0px|100px||100px|false|false&#8220; custom_margin_phone=&#8220;|10px||10px|false|false&#8220; custom_margin_last_edited=&#8220;on|phone&#8220; animation_style=&#8220;slide&#8220; animation_direction=&#8220;left&#8220; global_colors_info=&#8220;{}&#8220;]<\/p>\n<h2 style=\"font-weight: 400;\">Sie m\u00fcssen sich nicht um die Logistik Ihrer Eink\u00e4ufe k\u00fcmmern, ich k\u00fcmmere mich um den Transportvertrag und koordiniere das Be- und Entladen Ihrer Eink\u00e4ufe.<\/h2>\n<p>[\/et_pb_text][\/et_pb_column][\/et_pb_row][\/et_pb_section][et_pb_section fb_built=&#8220;1&#8243; _builder_version=&#8220;4.24.2&#8243; _module_preset=&#8220;default&#8220; custom_padding=&#8220;||54px|||&#8220; global_colors_info=&#8220;{}&#8220;][et_pb_row column_structure=&#8220;2_5,3_5&#8243; _builder_version=&#8220;4.24.2&#8243; _module_preset=&#8220;default&#8220; global_colors_info=&#8220;{}&#8220;][et_pb_column type=&#8220;2_5&#8243; _builder_version=&#8220;4.24.2&#8243; _module_preset=&#8220;default&#8220; global_colors_info=&#8220;{}&#8220;][et_pb_text _builder_version=&#8220;4.24.2&#8243; _module_preset=&#8220;default&#8220; header_2_font=&#8220;|700|||||||&#8220; header_2_text_color=&#8220;#386460&#8243; header_2_font_size=&#8220;40px&#8220; custom_margin=&#8220;150px||||false|false&#8220; custom_margin_tablet=&#8220;0px||||false|false&#8220; custom_margin_phone=&#8220;0px||||false|false&#8220; custom_margin_last_edited=&#8220;on|phone&#8220; animation_style=&#8220;slide&#8220; animation_direction=&#8220;left&#8220; global_colors_info=&#8220;{}&#8220;]<\/p>\n<h2>TRANSPARENZ<\/h2>\n<p>[\/et_pb_text][et_pb_text _builder_version=&#8220;4.24.2&#8243; _module_preset=&#8220;default&#8220; text_font_size=&#8220;17px&#8220; header_3_font=&#8220;|600|||||||&#8220; header_3_text_color=&#8220;#7B68ED&#8220; header_3_font_size=&#8220;23px&#8220; header_3_line_height=&#8220;1.3em&#8220; text_orientation=&#8220;justified&#8220; animation_style=&#8220;slide&#8220; animation_direction=&#8220;left&#8220; global_colors_info=&#8220;{}&#8220;]<\/p>\n<div class=\"page\" title=\"Seite 4\">\n<div class=\"section\">\n<div class=\"layoutArea\">\n<div class=\"column\">\n<p style=\"font-weight: 400;\">V\u00f6llige Transparenz bei den Gesch\u00e4ften, die zwischen Ihnen und meinem Lieferanten abgewickelt werden, und ich berechne nur eine Provision f\u00fcr die Verwaltung.<\/p>\n<\/div>\n<\/div>\n<\/div>\n<\/div>\n<p>[\/et_pb_text][\/et_pb_column][et_pb_column type=&#8220;3_5&#8243; _builder_version=&#8220;4.24.2&#8243; _module_preset=&#8220;default&#8220; global_colors_info=&#8220;{}&#8220;][et_pb_image src=&#8220;https:\/\/www.toniribes.com\/wp-content\/uploads\/2024\/07\/grafic.jpg&#8220; title_text=&#8220;grafic&#8220; _builder_version=&#8220;4.24.2&#8243; _module_preset=&#8220;default&#8220; animation_style=&#8220;slide&#8220; box_shadow_style=&#8220;preset2&#8243; global_colors_info=&#8220;{}&#8220;][\/et_pb_image][\/et_pb_column][\/et_pb_row][\/et_pb_section][et_pb_section fb_built=&#8220;1&#8243; prev_background_color=&#8220;#ffffff&#8220; next_background_color=&#8220;#ffffff&#8220; _builder_version=&#8220;4.24.2&#8243; _module_preset=&#8220;default&#8220; background_color=&#8220;#6d6d6d&#8220; custom_margin=&#8220;0px||||false|false&#8220; custom_padding=&#8220;150px||150px||false|false&#8220; top_divider_style=&#8220;slant2&#8243; bottom_divider_style=&#8220;slant2&#8243; bottom_divider_flip=&#8220;horizontal&#8220; global_colors_info=&#8220;{}&#8220;][et_pb_row _builder_version=&#8220;4.24.2&#8243; _module_preset=&#8220;default&#8220; global_colors_info=&#8220;{}&#8220;][et_pb_column type=&#8220;4_4&#8243; _builder_version=&#8220;4.24.2&#8243; _module_preset=&#8220;default&#8220; global_colors_info=&#8220;{}&#8220;][et_pb_text _builder_version=&#8220;4.24.2&#8243; _module_preset=&#8220;default&#8220; header_text_color=&#8220;#FFFFFF&#8220; header_2_font=&#8220;|700|||||||&#8220; header_2_text_color=&#8220;#FFFFFF&#8220; header_2_font_size=&#8220;40px&#8220; animation_style=&#8220;slide&#8220; animation_direction=&#8220;left&#8220; global_colors_info=&#8220;{}&#8220;]<\/p>\n<h2 style=\"font-weight: 400; text-align: center;\">Arbeitet nur f\u00fcr Unternehmen und Gewerbetreibende im Bereich des Verkaufs von Neu- und Gebrauchtwagen.<\/h2>\n<p>[\/et_pb_text][\/et_pb_column][\/et_pb_row][et_pb_row column_structure=&#8220;1_4,1_4,1_4,1_4&#8243; _builder_version=&#8220;4.24.2&#8243; _module_preset=&#8220;default&#8220; width=&#8220;90%&#8220; max_width=&#8220;1570px&#8220; custom_margin=&#8220;80px||||false|false&#8220; global_colors_info=&#8220;{}&#8220;][et_pb_column type=&#8220;1_4&#8243; _builder_version=&#8220;4.24.2&#8243; _module_preset=&#8220;default&#8220; global_colors_info=&#8220;{}&#8220;][et_pb_blurb title=&#8220;FACILITY&#8220; use_icon=&#8220;on&#8220; font_icon=&#8220;\ue031||divi||400&#8243; icon_color=&#8220;#ffffff&#8220; _builder_version=&#8220;4.24.2&#8243; _module_preset=&#8220;default&#8220; header_font=&#8220;|700|||||||&#8220; header_text_align=&#8220;center&#8220; header_text_color=&#8220;#FFFFFF&#8220; header_font_size=&#8220;20px&#8220; body_font=&#8220;||||||||&#8220; body_text_align=&#8220;justify&#8220; body_font_size=&#8220;17px&#8220; animation_style=&#8220;slide&#8220; animation_direction=&#8220;bottom&#8220; global_colors_info=&#8220;{}&#8220;]<\/p>\n<div title=\"Seite 4\">\n<p>&nbsp;<\/p>\n<\/div>\n<p>[\/et_pb_blurb][\/et_pb_column][et_pb_column type=&#8220;1_4&#8243; _builder_version=&#8220;4.24.2&#8243; _module_preset=&#8220;default&#8220; global_colors_info=&#8220;{}&#8220;][et_pb_blurb title=&#8220;MANAGEMENT&#8220; use_icon=&#8220;on&#8220; font_icon=&#8220;\uf789||fa||400&#8243; icon_color=&#8220;#FFFFFF&#8220; _builder_version=&#8220;4.24.2&#8243; _module_preset=&#8220;default&#8220; header_font=&#8220;|700|||||||&#8220; header_text_align=&#8220;center&#8220; header_text_color=&#8220;#FFFFFF&#8220; header_font_size=&#8220;20px&#8220; body_font=&#8220;||||||||&#8220; body_text_align=&#8220;justify&#8220; body_font_size=&#8220;17px&#8220; animation_style=&#8220;slide&#8220; animation_direction=&#8220;top&#8220; global_colors_info=&#8220;{}&#8220;]<\/p>\n<div title=\"Seite 4\"><\/div>\n<p>[\/et_pb_blurb][\/et_pb_column][et_pb_column type=&#8220;1_4&#8243; _builder_version=&#8220;4.24.2&#8243; _module_preset=&#8220;default&#8220; global_colors_info=&#8220;{}&#8220;][et_pb_blurb title=&#8220;LOGISTIK&#8220; use_icon=&#8220;on&#8220; font_icon=&#8220;\ue038||divi||400&#8243; icon_color=&#8220;#FFFFFF&#8220; _builder_version=&#8220;4.24.2&#8243; _module_preset=&#8220;default&#8220; header_font=&#8220;|700|||||||&#8220; header_text_align=&#8220;center&#8220; header_text_color=&#8220;#FFFFFF&#8220; header_font_size=&#8220;20px&#8220; body_font=&#8220;||||||||&#8220; body_text_align=&#8220;justify&#8220; body_text_color=&#8220;#FFFFFF&#8220; body_font_size=&#8220;17px&#8220; animation_style=&#8220;slide&#8220; animation_direction=&#8220;bottom&#8220; global_colors_info=&#8220;{}&#8220;]<\/p>\n<div title=\"Seite 4\">\n<div><\/div>\n<div><\/div>\n<\/div>\n<p>[\/et_pb_blurb][\/et_pb_column][et_pb_column type=&#8220;1_4&#8243; _builder_version=&#8220;4.24.2&#8243; _module_preset=&#8220;default&#8220; global_colors_info=&#8220;{}&#8220;][et_pb_blurb title=&#8220;TRANSPARENZ&#8220; use_icon=&#8220;on&#8220; font_icon=&#8220;\uf2b5||fa||900&#8243; icon_color=&#8220;#FFFFFF&#8220; _builder_version=&#8220;4.24.2&#8243; _module_preset=&#8220;default&#8220; header_font=&#8220;|700|||||||&#8220; header_text_align=&#8220;center&#8220; header_text_color=&#8220;#FFFFFF&#8220; header_font_size=&#8220;20px&#8220; body_font=&#8220;||||||||&#8220; body_text_align=&#8220;justify&#8220; body_font_size=&#8220;17px&#8220; animation_style=&#8220;slide&#8220; animation_direction=&#8220;top&#8220; global_colors_info=&#8220;{}&#8220;]<\/p>\n<div title=\"Seite 4\">\n<div><\/div>\n<div><\/div>\n<\/div>\n<p>[\/et_pb_blurb][\/et_pb_column][\/et_pb_row][\/et_pb_section]<\/p>\n","protected":false},"excerpt":{"rendered":"<p>Wer ist Toni? 40 JAHRE Mit 40 Jahren Erfahrung im B2B-Autoverkauf kenne ich die wichtigsten Anbieter von Neu- und Gebrauchtwagen in Spanien und Europa, um die Autos zu finden, die Sie brauchen. Ich arbeite mit Renta a Car, H\u00e4ndlern und direkt mit der Marke. In dieser Zeit habe ich gelernt, wann der beste Zeitpunkt ist, [&hellip;]<\/p>\n","protected":false},"author":1,"featured_media":0,"parent":0,"menu_order":0,"comment_status":"closed","ping_status":"closed","template":"","meta":{"_et_pb_use_builder":"on","_et_pb_old_content":"","_et_gb_content_width":"","_joinchat":[],"footnotes":""},"class_list":["post-386","page","type-page","status-publish","hentry"],"_links":{"self":[{"href":"https:\/\/www.toniribes.com\/de\/wp-json\/wp\/v2\/pages\/386","targetHints":{"allow":["GET"]}}],"collection":[{"href":"https:\/\/www.toniribes.com\/de\/wp-json\/wp\/v2\/pages"}],"about":[{"href":"https:\/\/www.toniribes.com\/de\/wp-json\/wp\/v2\/types\/page"}],"author":[{"embeddable":true,"href":"https:\/\/www.toniribes.com\/de\/wp-json\/wp\/v2\/users\/1"}],"replies":[{"embeddable":true,"href":"https:\/\/www.toniribes.com\/de\/wp-json\/wp\/v2\/comments?post=386"}],"version-history":[{"count":0,"href":"https:\/\/www.toniribes.com\/de\/wp-json\/wp\/v2\/pages\/386\/revisions"}],"wp:attachment":[{"href":"https:\/\/www.toniribes.com\/de\/wp-json\/wp\/v2\/media?parent=386"}],"curies":[{"name":"wp","href":"https:\/\/api.w.org\/{rel}","templated":true}]}}